{"id":718,"date":"2012-01-20T19:44:31","date_gmt":"2012-01-20T23:44:31","guid":{"rendered":"http:\/\/www.rincon-vacation.com\/?page_id=718"},"modified":"2012-01-20T19:51:16","modified_gmt":"2012-01-20T23:51:16","slug":"site-map","status":"publish","type":"page","link":"https:\/\/www.rincon-vacation.com\/es\/site-map\/","title":{"rendered":"Mapa Sitio"},"content":{"rendered":"<p>\n<!-- Page-list plugin v.5.9 wordpress.org\/plugins\/page-list\/ -->\n<ul class=\"page-list \">\n<li class=\"page_item page-item-3 page_item_has_children\"><a href=\"https:\/\/www.rincon-vacation.com\/es\/\">El Apartamento<\/a>\n<ul class='children'>\n\t<li class=\"page_item page-item-9\"><a href=\"https:\/\/www.rincon-vacation.com\/es\/the-condo\/features-amenities\/\">Caracter\u00edsticas<\/a><\/li>\n\t<li class=\"page_item page-item-10 page_item_has_children\"><a href=\"https:\/\/www.rincon-vacation.com\/es\/the-condo\/rental-rates\/\">Tasas de Alquiler<\/a>\n\t<ul class='children'>\n\t\t<li class=\"page_item page-item-757\"><a href=\"https:\/\/www.rincon-vacation.com\/es\/the-condo\/rental-rates\/rental-agreement\/\">Contrato de Alquiler<\/a><\/li>\n\t\t<li class=\"page_item page-item-52\"><a href=\"https:\/\/www.rincon-vacation.com\/es\/the-condo\/rental-rates\/house-rules\/\">Reglamentos<\/a><\/li>\n\t<\/ul>\n<\/li>\n\t<li class=\"page_item page-item-7 page_item_has_children\"><a href=\"https:\/\/www.rincon-vacation.com\/es\/the-condo\/reservations\/\">Reservaciones<\/a>\n\t<ul class='children'>\n\t\t<li class=\"page_item page-item-251\"><a href=\"https:\/\/www.rincon-vacation.com\/es\/the-condo\/reservations\/calendar\/\">Calendario de Reservaciones<\/a><\/li>\n\t<\/ul>\n<\/li>\n\t<li class=\"page_item page-item-30\"><a href=\"https:\/\/www.rincon-vacation.com\/es\/the-condo\/getting-here\/\">C\u00f3mo Llegar<\/a><\/li>\n<\/ul>\n<\/li>\n<li class=\"page_item page-item-8 page_item_has_children\"><a href=\"https:\/\/www.rincon-vacation.com\/es\/about-rincon\/\">Acerca de Rinc\u00f3n<\/a>\n<ul class='children'>\n\t<li class=\"page_item page-item-35\"><a href=\"https:\/\/www.rincon-vacation.com\/es\/about-rincon\/beaches\/\">Las Playas<\/a><\/li>\n\t<li class=\"page_item page-item-36\"><a href=\"https:\/\/www.rincon-vacation.com\/es\/about-rincon\/eat-drink\/\">Gastronom\u00eda<\/a><\/li>\n\t<li class=\"page_item page-item-799\"><a href=\"https:\/\/www.rincon-vacation.com\/es\/about-rincon\/day-trips\/\">Excursiones<\/a><\/li>\n\t<li class=\"page_item page-item-391\"><a href=\"https:\/\/www.rincon-vacation.com\/es\/about-rincon\/videos\/\">V\u00eddeos<\/a><\/li>\n<\/ul>\n<\/li>\n<li class=\"page_item page-item-6 page_item_has_children\"><a href=\"https:\/\/www.rincon-vacation.com\/es\/contact-me\/\">Comun\u00edquese<\/a>\n<ul class='children'>\n\t<li class=\"page_item page-item-504\"><a href=\"https:\/\/www.rincon-vacation.com\/es\/contact-me\/phone-me\/\">Ll\u00e1meme por Tel\u00e9fono<\/a><\/li>\n<\/ul>\n<\/li>\n<li class=\"page_item page-item-718\"><a href=\"https:\/\/www.rincon-vacation.com\/es\/site-map\/\">Mapa Sitio<\/a><\/li>\n\n<\/ul><\/p>\n<!-- AddThis Advanced Settings generic via filter on the_content --><!-- AddThis Share Buttons generic via filter on the_content -->","protected":false},"excerpt":{"rendered":"<p> El Apartamento Caracter\u00edsticas Tasas de Alquiler Contrato de Alquiler Reglamentos Reservaciones Calendario de Reservaciones C\u00f3mo Llegar Acerca de Rinc\u00f3n Las Playas Gastronom\u00eda Excursiones V\u00eddeos Comun\u00edquese Ll\u00e1meme por Tel\u00e9fono Mapa Sitio <\/p>\n<p> <!-- AddThis Advanced Settings generic via filter on get_the_excerpt --><!-- AddThis Share Buttons generic via filter on get_the_excerpt --><\/p>\n","protected":false},"author":2,"featured_media":0,"parent":0,"menu_order":100,"comment_status":"closed","ping_status":"closed","template":"","meta":{"footnotes":""},"class_list":["post-718","page","type-page","status-publish","hentry","odd"],"aioseo_notices":[],"_links":{"self":[{"href":"https:\/\/www.rincon-vacation.com\/es\/wp-json\/wp\/v2\/pages\/718","targetHints":{"allow":["GET"]}}],"collection":[{"href":"https:\/\/www.rincon-vacation.com\/es\/wp-json\/wp\/v2\/pages"}],"about":[{"href":"https:\/\/www.rincon-vacation.com\/es\/wp-json\/wp\/v2\/types\/page"}],"author":[{"embeddable":true,"href":"https:\/\/www.rincon-vacation.com\/es\/wp-json\/wp\/v2\/users\/2"}],"replies":[{"embeddable":true,"href":"https:\/\/www.rincon-vacation.com\/es\/wp-json\/wp\/v2\/comments?post=718"}],"version-history":[{"count":0,"href":"https:\/\/www.rincon-vacation.com\/es\/wp-json\/wp\/v2\/pages\/718\/revisions"}],"wp:attachment":[{"href":"https:\/\/www.rincon-vacation.com\/es\/wp-json\/wp\/v2\/media?parent=718"}],"curies":[{"name":"wp","href":"https:\/\/api.w.org\/{rel}","templated":true}]}}