{"id":606,"date":"2011-07-31T10:41:03","date_gmt":"2011-07-31T14:41:03","guid":{"rendered":"http:\/\/www.rincon-vacation.com\/?page_id=606"},"modified":"2016-09-02T13:10:49","modified_gmt":"2016-09-02T17:10:49","slug":"maps","status":"publish","type":"page","link":"https:\/\/www.rincon-vacation.com\/es\/guest-orientation-guide\/maps\/","title":{"rendered":"(English) Maps"},"content":{"rendered":"<p class=\"qtranxs-available-languages-message qtranxs-available-languages-message-es\">Disculpe, pero esta p\u00e1gina todav\u00eda no existe en espa\u00f1ol. L\u00e9ala en <a href=\"https:\/\/www.rincon-vacation.com\/en\/wp-json\/wp\/v2\/pages\/606\" class=\"qtranxs-available-language-link qtranxs-available-language-link-en\" title=\"English\">English<\/a>.<\/p>","protected":false},"excerpt":{"rendered":"<p class=\"qtranxs-available-languages-message qtranxs-available-languages-message-es\">Disculpe, pero esta p\u00e1gina todav\u00eda no existe en espa\u00f1ol. L\u00e9ala en [&#8230;]<!-- AddThis Advanced Settings generic via filter on get_the_excerpt --><!-- AddThis Share Buttons generic via filter on get_the_excerpt --><\/p>\n","protected":false},"author":2,"featured_media":0,"parent":323,"menu_order":3,"comment_status":"closed","ping_status":"closed","template":"","meta":{"footnotes":""},"class_list":["post-606","page","type-page","status-publish","hentry","odd"],"aioseo_notices":[],"_links":{"self":[{"href":"https:\/\/www.rincon-vacation.com\/es\/wp-json\/wp\/v2\/pages\/606","targetHints":{"allow":["GET"]}}],"collection":[{"href":"https:\/\/www.rincon-vacation.com\/es\/wp-json\/wp\/v2\/pages"}],"about":[{"href":"https:\/\/www.rincon-vacation.com\/es\/wp-json\/wp\/v2\/types\/page"}],"author":[{"embeddable":true,"href":"https:\/\/www.rincon-vacation.com\/es\/wp-json\/wp\/v2\/users\/2"}],"replies":[{"embeddable":true,"href":"https:\/\/www.rincon-vacation.com\/es\/wp-json\/wp\/v2\/comments?post=606"}],"version-history":[{"count":0,"href":"https:\/\/www.rincon-vacation.com\/es\/wp-json\/wp\/v2\/pages\/606\/revisions"}],"up":[{"embeddable":true,"href":"https:\/\/www.rincon-vacation.com\/es\/wp-json\/wp\/v2\/pages\/323"}],"wp:attachment":[{"href":"https:\/\/www.rincon-vacation.com\/es\/wp-json\/wp\/v2\/media?parent=606"}],"curies":[{"name":"wp","href":"https:\/\/api.w.org\/{rel}","templated":true}]}}