{"id":57,"date":"2008-08-03T21:12:21","date_gmt":"2008-08-04T01:12:21","guid":{"rendered":"http:\/\/www.rincon-vacation.com\/?page_id=57"},"modified":"2025-05-22T17:51:52","modified_gmt":"2025-05-22T21:51:52","slug":"welcome-wahi-visitors","status":"publish","type":"page","link":"https:\/\/www.rincon-vacation.com\/es\/welcome-wahi-visitors\/","title":{"rendered":"Bienvenidos Visitantes de WaHI"},"content":{"rendered":"<p>Bienvenidos a <strong>Mi Refugio<\/strong>, el hogar vacacional de Eduardo G\u00f3mez, el webmaster de <a href=\"http:\/\/www.naborsapts.org\/\">NaBors Apartments<\/a>. Mi Refugio es un bello apartamento en <a href=\"..\/about-rincon\/\">Rinc\u00f3n, Puerto Rico<\/a>. Situado a una cuadra del <a href=\"..\/about-rincon\/beaches\/#balneario\">Balneario de Rinc\u00f3n<\/a> y cerca de otra docena de playas, el apartamento est\u00e1 disponible para vacacionar a <a href=\"..\/the-condo\/rental-rates\/\">precios asequibles<\/a>.<\/p>\n<p>Esc\u00e1pese de la locura de Nueva York. <a href=\"http:\/\/www.rincon-vacation.com\/es\/the-condo\/getting-here\/\">M\u00f3ntese en un avi\u00f3n de JetBlue<\/a>, y en menos de 4 horas se encontrar\u00e1 en un para\u00edso terrenal.<\/p>\n<div class=\"homelist\"><strong>Sobre el Apartamento<\/strong><\/p>\n<ul>\n<li><a href=\"http:\/\/www.rincon-vacation.com\/es\/the-condo\/features-amenities\/\">Detalles<\/a><\/li>\n<li><a href=\"http:\/\/www.rincon-vacation.com\/es\/the-condo\/rental-rates\/\">Tasas de alquiler<\/a><\/li>\n<li><a href=\"http:\/\/www.rincon-vacation.com\/es\/the-condo\/reservations\/\">Reservaciones<\/a><\/li>\n<li><a href=\"http:\/\/www.rincon-vacation.com\/es\/the-condo\/reservations\/calendar\/\">Disponibilidad<\/a><\/li>\n<li><a href=\"http:\/\/www.rincon-vacation.com\/es\/the-condo\/getting-here\/\">C\u00f3mo llegar<\/a><\/li>\n<\/ul>\n<\/div>\n<div class=\"homelist\"><strong>Sobre Rinc\u00f3n<\/strong><\/p>\n<ul>\n<li><a href=\"http:\/\/www.rincon-vacation.com\/es\/about-rincon\/\">El pueblo de los bellos atardeceres<\/a><\/li>\n<li><a href=\"http:\/\/www.rincon-vacation.com\/es\/about-rincon\/beaches\/\">Las playas<\/a><\/li>\n<li><a href=\"http:\/\/www.rincon-vacation.com\/es\/about-rincon\/eat-drink\/\">D\u00f3nde comer y beber<\/a><\/li>\n<li><a href=\"http:\/\/www.rincon-vacation.com\/es\/about-rincon\/videos\/\">V\u00eddeos<\/a><\/li>\n<\/ul>\n<\/div>\n<div style=\"text-align: center; margin: 1em 0;\"><iframe loading=\"lazy\" width=\"560\" height=\"315\" src=\"https:\/\/www.youtube.com\/embed\/Q91YWTR9CXs?si=BnZCrE4kn9wJ1gPI\" title=\"YouTube video player\" frameborder=\"0\" allow=\"accelerometer; autoplay; clipboard-write; encrypted-media; gyroscope; picture-in-picture; web-share\" referrerpolicy=\"strict-origin-when-cross-origin\" allowfullscreen><\/iframe><\/div>\n<p><\/p>\n<!-- AddThis Advanced Settings generic via filter on the_content --><!-- AddThis Share Buttons generic via filter on the_content -->","protected":false},"excerpt":{"rendered":"<p>Bienvenidos a Mi Refugio, el hogar vacacional de Eduardo G\u00f3mez, el webmaster de NaBors Apartments. Mi Refugio es un bello apartamento en Rinc\u00f3n, Puerto Rico. Situado a una cuadra del Balneario de Rinc\u00f3n y cerca de otra docena de playas, el apartamento est\u00e1 disponible para vacacionar a precios asequibles.<\/p>\n<p>Esc\u00e1pese de la locura de Nueva [&#8230;]<!-- AddThis Advanced Settings generic via filter on get_the_excerpt --><!-- AddThis Share Buttons generic via filter on get_the_excerpt --><\/p>\n","protected":false},"author":2,"featured_media":0,"parent":0,"menu_order":9,"comment_status":"closed","ping_status":"closed","template":"","meta":{"footnotes":""},"class_list":["post-57","page","type-page","status-publish","hentry","odd"],"aioseo_notices":[],"_links":{"self":[{"href":"https:\/\/www.rincon-vacation.com\/es\/wp-json\/wp\/v2\/pages\/57","targetHints":{"allow":["GET"]}}],"collection":[{"href":"https:\/\/www.rincon-vacation.com\/es\/wp-json\/wp\/v2\/pages"}],"about":[{"href":"https:\/\/www.rincon-vacation.com\/es\/wp-json\/wp\/v2\/types\/page"}],"author":[{"embeddable":true,"href":"https:\/\/www.rincon-vacation.com\/es\/wp-json\/wp\/v2\/users\/2"}],"replies":[{"embeddable":true,"href":"https:\/\/www.rincon-vacation.com\/es\/wp-json\/wp\/v2\/comments?post=57"}],"version-history":[{"count":1,"href":"https:\/\/www.rincon-vacation.com\/es\/wp-json\/wp\/v2\/pages\/57\/revisions"}],"predecessor-version":[{"id":944,"href":"https:\/\/www.rincon-vacation.com\/es\/wp-json\/wp\/v2\/pages\/57\/revisions\/944"}],"wp:attachment":[{"href":"https:\/\/www.rincon-vacation.com\/es\/wp-json\/wp\/v2\/media?parent=57"}],"curies":[{"name":"wp","href":"https:\/\/api.w.org\/{rel}","templated":true}]}}