{"id":564,"date":"2011-07-30T13:18:07","date_gmt":"2011-07-30T17:18:07","guid":{"rendered":"http:\/\/www.rincon-vacation.com\/?page_id=564"},"modified":"2012-01-20T17:23:02","modified_gmt":"2012-01-20T21:23:02","slug":"day-trips","status":"publish","type":"page","link":"https:\/\/www.rincon-vacation.com\/es\/guest-orientation-guide\/day-trips\/","title":{"rendered":"Actividades \u2013 Excursiones"},"content":{"rendered":"<p><a href=\"\/es\/guest-orientation-guide\/\">\u00ab volver<\/a><\/p>\n<p>Rinc\u00f3n est\u00e1 situado de manera bastante c\u00e9ntrica en la costa occidental de Puerto Rico, lo cual proporciona f\u00e1cil acceso a muchos lugares maravillosos para visitar. A continuaci\u00f3n recomendamos algunas excursiones de un d\u00eda de duraci\u00f3n. Pueden partir temprano en la ma\u00f1ana y pasarse todo el d\u00eda explorando.<\/p>\n<p>[Esta p\u00e1gina est\u00e1 bajo construcci\u00f3n \u2013 agregaremos m\u00e1s excursiones pronto.]<\/p>\n<p><strong>Cavernas del R\u00edo Camuy, Observatorio de Arecibo y Faro de Arecibo<\/strong><br \/>\n<em>1ra parada queda a 1 hora y 15 minutos<\/em> (<a href=\"http:\/\/maps.google.com\/maps?saddr=Mi+Refugio+en+Rinc%C3%B3n+%4018.342563,-67.254717&amp;daddr=Rio+Camuy+Caves+%4018.345972,-66.824509+to:Arecibo+Observatory+Radiotelescope+%4018.346134,-66.7528+to:Arecibo+Lighthouse+and+Historical+Park,+Puerto+Rico+to:Mi+Refugio+en+Rinc%C3%B3n+%4018.342563,-67.254717&amp;hl=en&amp;ie=UTF8&amp;ll=18.414473,-66.976089&amp;spn=0.427374,0.725098&amp;sll=18.410564,-66.976089&amp;sspn=0.427384,0.725098&amp;geocode=FaPiFwEdQ8b9-w%3BFfTvFwEdw1YE_A%3BFZbwFwEd4G4F_A%3BFcUCGgEdbEIG_CG0OCKk_fEofw%3BFaPiFwEdQ8b9-w&amp;mra=ls&amp;z=11\">mapa y rutas<\/a>)<br \/>\n<a href=\"http:\/\/www.rincon-vacation.com\/wp-content\/uploads\/2011\/07\/RioCamuyCave.jpg\"><img loading=\"lazy\" decoding=\"async\" src=\"http:\/\/www.rincon-vacation.com\/wp-content\/uploads\/2011\/07\/RioCamuyCave-150x150.jpg\" alt=\"R\u00edo Camuy Cave\" title=\"R\u00edo Camuy Cave\" width=\"150\" height=\"150\" class=\"alignright size-thumbnail wp-image-590\" \/><\/a>Las <a href=\"http:\/\/www.puertoricodaytrips.com\/rio-camuy-caves-park\/\">Cavernas del R\u00edo Camuy<\/a> son una de las grandes atracciones tur\u00edsticas de Puerto Rico. Hay que llegar temprano para asegurarse de poder entrar, ya que otorgan un n\u00famero limitado de entradas cada d\u00eda. Despu\u00e9s de la gira guiada, pueden pasear por los senderos del parque y almorzar en el \u00e1rea de picnic. Despu\u00e9s del almuerzo, pueden manejar al <a href=\"http:\/\/www.puertoricodaytrips.com\/arecibo-observatory\/\">Observatorio de Arecibo<\/a>, que tiene el radio telescopio m\u00e1s grande del mundo. Por \u00faltimo, pueden pasarse el resto de la tarde paseando por el parque del <a href=\"http:\/\/www.puertoricodaytrips.com\/arecibo-lighthouse\/\">Faro de Arecibo<\/a> y disfrutar de una bella puesta del sol.<\/p>\n<p><strong>Bosque de Guajataca, Cascada Gozalandia y Playas de Isabela<\/strong><br \/>\n<em>1ra parada queda a 55 minutos de distancia<\/em> (<a href=\"http:\/\/maps.google.com\/maps?saddr=Mi+Refugio+en+Rinc%C3%B3n+%4018.342563,-67.254717&amp;daddr=00662,+Puerto+Rico+(Bosque+Estatal+De+Guajataca)+to:Gozalandia+Waterfall+%4018.362252,-66.984369+to:San+Sebastian+Market+%4018.344179,-66.996346+to:18.45158,-66.97842+to:18.51425,-67.05018+to:Playa+Jobos+%4018.513552,-67.076683+to:Mi+Refugio+en+Rinc%C3%B3n+%4018.342563,-67.254717&amp;hl=en&amp;ie=UTF8&amp;sll=18.426525,-67.118225&amp;sspn=0.213673,0.362549&amp;geocode=FaPiFwEdQ8b9-w%3BFfTwGAEdvvMB_CHpbx0ZtDjxvg%3BFYwvGAEdT-YB_A%3BFfPoFwEdhrcB_A%3BFXyMGQEdjP0B_CktQD7RFMACjDFF1NMfIR8O-g%3BFUqBGgEdPOUA_Cmpz_RSppUCjDFWjBgT_jZdwQ%3BFZB-GgEdtX0A_A%3BFaPiFwEdQ8b9-w&amp;mra=dpe&amp;mrsp=4&amp;sz=12&amp;via=4,5&amp;z=12\">mapa y rutas<\/a>)<br \/>\n<a href=\"http:\/\/www.rincon-vacation.com\/wp-content\/uploads\/2011\/07\/GozalandiaWaterfall.jpg\"><img loading=\"lazy\" decoding=\"async\" src=\"http:\/\/www.rincon-vacation.com\/wp-content\/uploads\/2011\/07\/GozalandiaWaterfall-150x150.jpg\" alt=\"Gozalandia Waterfall\" title=\"Gozalandia Waterfall\" width=\"150\" height=\"150\" class=\"alignright size-thumbnail wp-image-589\" \/><\/a>Salgan temprano en la ma\u00f1ana para visitar el Bosque de Guajataca, con un \u00e1rea de 2.289 hect\u00e1reas. La composici\u00f3n del suelo en esta zona de tierras bajas es poco com\u00fan, y la flora y la fauna son bastante distintas a las de otros bosques de Puerto Rico. Pueden caminar por el <a href=\"http:\/\/www.puertoricodaytrips.com\/guajataca-forest-trail\/\">sendero interpretativo<\/a> o ir a la <a href=\"http:\/\/www.puertoricodaytrips.com\/guajataca-forest-cave\/\">Cueva del Viento<\/a> o visitar ambos lugares. Despu\u00e9s de visitar el bosque, pueden echarse un chapuz\u00f3n en el pozo de la <a href=\"http:\/\/www.puertoricodaytrips.com\/gozalandia-falls\/\">Cascada Gozalandia<\/a>. Luego pueden almorzar en San Sebasti\u00e1n (los viernes hay un <a href=\"http:\/\/www.puertoricodaytrips.com\/san-sebastian-market\/\">mercado al aire libre<\/a>). Y, por \u00faltimo, pueden pasarse una tarde sabrosa en una de las <a href=\"http:\/\/www.puertoricodaytrips.com\/isabela-beaches\/\">bellas playas<\/a> de Isabela.<\/p>\n<p><strong>Cabo Rojo Salt Flats and Wildlife Refuge<\/strong><br \/>\n<em>First stop 1 hr, 15 min away<\/em>\u00a0(<a href=\"http:\/\/maps.google.com\/maps?saddr=Mi+Refugio+en+Rinc%C3%B3n+%4018.342563,-67.254717&amp;daddr=18.16205,-67.17762+to:Cabo+Rojo+Salt+Flats+%4017.956561,-67.199233+to:La+Playuela+%4017.935456,-67.190245+to:Cabo+Rojo+Lighthouse+%4017.934071,-67.192447+to:18.17355,-67.17527+to:Mi+Refugio+en+Rinc%C3%B3n+%4018.342563,-67.254717&amp;hl=en&amp;ie=UTF8&amp;ll=18.158249,-67.105865&amp;spn=0.428006,0.725098&amp;sll=18.138674,-67.198563&amp;sspn=0.428054,0.725098&amp;geocode=FaPiFwEdQ8b9-w%3BFYIhFQEdbPP--ykr58cSmLICjDFysoa5SR7ZSA%3BFdH-EQEd_57--w%3BFWCsEQEdG8L--w%3BFfemEQEdgbn--w%3BFW5OFQEdmvz--ymF-lt4mrICjDE20z5kZBullA%3BFaPiFwEdQ8b9-w&amp;mra=dpe&amp;mrsp=1&amp;sz=11&amp;via=1,5&amp;z=11\">map and driving directions<\/a>)<br \/>\n<a href=\"http:\/\/www.rincon-vacation.com\/wp-content\/uploads\/2011\/07\/PlayuelaAndCaboRojoLighthouse.jpg\"><img loading=\"lazy\" decoding=\"async\" src=\"http:\/\/www.rincon-vacation.com\/wp-content\/uploads\/2011\/07\/PlayuelaAndCaboRojoLighthouse-150x150.jpg\" alt=\"La Playuela with Cabo Rojo Lighthouse in the background\" title=\"La Playuela with Cabo Rojo Lighthouse in the background\" width=\"150\" height=\"150\" class=\"alignright size-thumbnail wp-image-588\" \/><\/a>The <a href=\"http:\/\/www.puertoricodaytrips.com\/cabo-rojo-salt-flats\/\">salt flats<\/a> are part of a larger wildlife refuge set aside in\u00a0Cabo Rojo in the southwest corner of Puerto Rico. There is an observation tower that overlooks the salt mining operation and an interpretative center for information about the area. The surrounding wildlife refuge \u2014 a Mecca for bird watching \u2014 has walking and\u00a0bike trails that range in length from about 1 to 2 miles, and start right behind the interpretive center. After exploring the area, drive further south and spend lunchtime (you should bring along a picnic lunch) and the rest of the afternoon at <a href=\"http:\/\/www.puertoricodaytrips.com\/la-playuela-beach\/\">La Playuela<\/a>, a picture-perfect beach. Later, enjoy the sunset and gorgeous views from the <a href=\"http:\/\/www.puertoricodaytrips.com\/cabo-rojo-lighthouse\/\">Cabo Rojo<\/a> lighthouse. And finally, have dinner on the way back home at one of the restaurants along Route 102.<\/p>\n<p><strong>Gu\u00e1nica Dry Forest and La Parguera Bioluminescent Bay<\/strong><br \/>\n<em>First stop 1 hr, 20 min away<\/em> (<a href=\"http:\/\/maps.google.com\/maps?saddr=Mi+Refugio+en+Rinc%C3%B3n+%4018.342563,-67.254717&amp;daddr=00653,+Puerto+Rico+(Bosque+Estatal+De+Gu%C3%A1nica)+to:La+Parguera,+Puerto+Rico+to:Mi+Refugio+en+Rinc%C3%B3n+%4018.342563,-67.254717&amp;hl=en&amp;ie=UTF8&amp;sll=18.145852,-67.058487&amp;sspn=0.428037,0.725098&amp;geocode=FaPiFwEdQ8b9-w%3BFToaEgEdkJYD_CFOMhojF9JB0g%3BFbVGEgEdWvMA_Cl_BfaUWEgdjDHAWaB9tncdBw%3BFaPiFwEdQ8b9-w&amp;mra=ls&amp;z=11\">map and driving directions<\/a>)<br \/>\n<a href=\"http:\/\/www.rincon-vacation.com\/wp-content\/uploads\/2011\/07\/GuanicaDryForest.jpg\"><img loading=\"lazy\" decoding=\"async\" src=\"http:\/\/www.rincon-vacation.com\/wp-content\/uploads\/2011\/07\/GuanicaDryForest-150x150.jpg\" alt=\"Guanica Dry Forest\" title=\"Guanica Dry Forest\" width=\"150\" height=\"150\" class=\"alignright size-thumbnail wp-image-587\" \/><\/a>The <a href=\"http:\/\/www.puertoricodaytrips.com\/guanica-dry-forest\/\">Gu\u00e1nica Dry Forest<\/a>\u00a0encompasses almost 1,000 acres of dry forest (as opposed to rain forest). The forest is a safe home for many arid species, many of them endangered.\u00a0Due to its ecological importance, it has been designated as an International Biosphere Reserve by the United Nations.\u00a0The forest offers many well-maintained trails and is a bird-watcher\u2019s paradise. After exploring the forest, spend lunchtime (you should bring along a picnic lunch)\u00a0and the rest of the afternoon at one or two of the <a href=\"http:\/\/www.puertoricodaytrips.com\/guanica-beaches\/\">Gu\u00e1nica area beaches<\/a>. Later, have dinner in La Parguera. And finally, take a boat trip to the <a href=\"http:\/\/www.puertoricodaytrips.com\/la-parguera-biobay\/\">bioluminescent bay<\/a>. The bioluminescence in the bay is most pronounced on <a href=\"http:\/\/www.puertoricodaytrips.com\/biobay-and-moon\/\">moonless nights<\/a>.<\/p>\n<p><strong>Scuba Diving at The Wall in La Parguera<\/strong><br \/>\n<em>1 hr, 10 min away<\/em> (<a href=\"http:\/\/maps.google.com\/maps?saddr=Mi+Refugio+en+Rinc%C3%B3n+%4018.342563,-67.254717&amp;daddr=West+Divers,+La+Parguera+%4017.974659,-67.048214+to:Balneario+Boquer%C3%B3n+%4018.019620,-67.172202+to:18.13813,-67.18224+to:Mi+Refugio+en+Rinc%C3%B3n+%4018.342563,-67.254717&amp;hl=en&amp;ie=UTF8&amp;sll=18.158165,-67.148685&amp;sspn=0.428006,0.725098&amp;geocode=FaPiFwEdQ8b9-w%3BFYNFEgEd6uwA_A%3BFST1EgEdlgj_-w%3BFRLEFAEdYOH--ykHnokJVE0djDEwoqP6LRZ2Ng%3BFaPiFwEdQ8b9-w&amp;mra=dpe&amp;mrsp=3&amp;sz=11&amp;via=3&amp;z=11\">map and driving directions<\/a>)<br \/>\n<a href=\"http:\/\/www.rincon-vacation.com\/wp-content\/uploads\/2011\/07\/ScubaDivingTheWall.jpg\"><img loading=\"lazy\" decoding=\"async\" src=\"http:\/\/www.rincon-vacation.com\/wp-content\/uploads\/2011\/07\/ScubaDivingTheWall-150x150.jpg\" alt=\"Scuba diving at The Wall in La Parguera\" title=\"Scuba diving at The Wall in La Parguera\" width=\"150\" height=\"150\" class=\"alignright size-thumbnail wp-image-586\" \/><\/a>One of the most incredible experiences in Puerto Rico is scuba diving at <a href=\"http:\/\/www.puertoricodaytrips.com\/la-parguera-wall-dive\/\">The Wall in La Parguera<\/a>. The Wall is home to trenches and elkhorn coral, gorgonians, black coral and many more. Thousands of rainbow-colored fish move over the reefs and through the spectacular azure blue waters. This underwater photographer\u2019s heaven has visibility that can exceed 100 feet. (Be sure to make a reservation in advance with one of the scuba diving outfits \u2014 West Divers is recommended.) After spending the morning scuba diving, have lunch at one of the restaurants in La Parguera, and then drive to the <a href=\"http:\/\/www.puertoricodaytrips.com\/cabo-rojo-beaches\/\">Balneario Boquer\u00f3n<\/a>, one of Puerto Rico&#8217;s \u00abBlue Flag\u00bb beaches, to bask lazily in the sun the rest of the afternoon. Finally, drive up Route 102 and have dinner at one of the restaurants along the shore with a view of the Caribbean Sea.<\/p>\n<p>For information on more places to explore, visit <a href=\"http:\/\/www.puertoricodaytrips.com\/\">PuertoRicoDayTrips.com<\/a>.<\/p>\n<!-- AddThis Advanced Settings generic via filter on the_content --><!-- AddThis Share Buttons generic via filter on the_content -->","protected":false},"excerpt":{"rendered":"<p>\u00ab volver<\/p>\n<p>Rinc\u00f3n est\u00e1 situado de manera bastante c\u00e9ntrica en la costa occidental de Puerto Rico, lo cual proporciona f\u00e1cil acceso a muchos lugares maravillosos para visitar. A continuaci\u00f3n recomendamos algunas excursiones de un d\u00eda de duraci\u00f3n. Pueden partir temprano en la ma\u00f1ana y pasarse todo el d\u00eda explorando.<\/p>\n<p>[Esta p\u00e1gina est\u00e1 bajo construcci\u00f3n \u2013 [&#8230;]<!-- AddThis Advanced Settings generic via filter on get_the_excerpt --><!-- AddThis Share Buttons generic via filter on get_the_excerpt --><\/p>\n","protected":false},"author":2,"featured_media":0,"parent":323,"menu_order":3,"comment_status":"closed","ping_status":"closed","template":"","meta":{"footnotes":""},"class_list":["post-564","page","type-page","status-publish","hentry","odd"],"aioseo_notices":[],"_links":{"self":[{"href":"https:\/\/www.rincon-vacation.com\/es\/wp-json\/wp\/v2\/pages\/564","targetHints":{"allow":["GET"]}}],"collection":[{"href":"https:\/\/www.rincon-vacation.com\/es\/wp-json\/wp\/v2\/pages"}],"about":[{"href":"https:\/\/www.rincon-vacation.com\/es\/wp-json\/wp\/v2\/types\/page"}],"author":[{"embeddable":true,"href":"https:\/\/www.rincon-vacation.com\/es\/wp-json\/wp\/v2\/users\/2"}],"replies":[{"embeddable":true,"href":"https:\/\/www.rincon-vacation.com\/es\/wp-json\/wp\/v2\/comments?post=564"}],"version-history":[{"count":0,"href":"https:\/\/www.rincon-vacation.com\/es\/wp-json\/wp\/v2\/pages\/564\/revisions"}],"up":[{"embeddable":true,"href":"https:\/\/www.rincon-vacation.com\/es\/wp-json\/wp\/v2\/pages\/323"}],"wp:attachment":[{"href":"https:\/\/www.rincon-vacation.com\/es\/wp-json\/wp\/v2\/media?parent=564"}],"curies":[{"name":"wp","href":"https:\/\/api.w.org\/{rel}","templated":true}]}}