{"id":522,"date":"2009-12-28T14:16:17","date_gmt":"2009-12-28T18:16:17","guid":{"rendered":"http:\/\/www.rincon-vacation.com\/?page_id=522"},"modified":"2021-08-02T10:24:21","modified_gmt":"2021-08-02T14:24:21","slug":"restaurants-bars","status":"publish","type":"page","link":"https:\/\/www.rincon-vacation.com\/es\/guest-orientation-guide\/restaurants-bars\/","title":{"rendered":"Restaurantes y Bares"},"content":{"rendered":"<p><a href=\"\/es\/guest-orientation-guide\/\">\u00ab volver<\/a><\/p>\n<p>Rinc\u00f3n se ha convertido en un destino gastron\u00f3mico sin igual fuera del \u00c1rea Metropolitana de San Juan. La mayor\u00eda de los restaurantes cuentan con ambientes casuales al aire libre, donde podr\u00e1 disfrutar de las brisas c\u00e1lidas, fragantes de flores tropicales, mientras saborea las deliciosas comidas.<\/p>\n<p>En lugar de reinventar la rueda, aqu\u00ed hay enlaces a recomendaciones de:<\/p>\n<ul>\n<li><a href=\"https:\/\/www.tripadvisor.com\/Restaurants-g264369-Rincon_Puerto_Rico.html\">Trip Advisor<\/a><\/li>\n<li><a href=\"https:\/\/www.yelp.com\/search?find_desc=Restaurants&amp;find_loc=Rincon%2C+Puerto+Rico&amp;ns=1\">Yelp<\/a><\/li>\n<\/ul>\n<p><\/p>\n<!-- AddThis Advanced Settings generic via filter on the_content --><!-- AddThis Share Buttons generic via filter on the_content -->","protected":false},"excerpt":{"rendered":"<p>\u00ab volver<\/p>\n<p>Rinc\u00f3n se ha convertido en un destino gastron\u00f3mico sin igual fuera del \u00c1rea Metropolitana de San Juan. La mayor\u00eda de los restaurantes cuentan con ambientes casuales al aire libre, donde podr\u00e1 disfrutar de las brisas c\u00e1lidas, fragantes de flores tropicales, mientras saborea las deliciosas comidas.<\/p>\n<p>En lugar de reinventar la rueda, aqu\u00ed hay [&#8230;]<!-- AddThis Advanced Settings generic via filter on get_the_excerpt --><!-- AddThis Share Buttons generic via filter on get_the_excerpt --><\/p>\n","protected":false},"author":2,"featured_media":0,"parent":323,"menu_order":3,"comment_status":"closed","ping_status":"closed","template":"","meta":{"footnotes":""},"class_list":["post-522","page","type-page","status-publish","hentry","odd"],"aioseo_notices":[],"_links":{"self":[{"href":"https:\/\/www.rincon-vacation.com\/es\/wp-json\/wp\/v2\/pages\/522","targetHints":{"allow":["GET"]}}],"collection":[{"href":"https:\/\/www.rincon-vacation.com\/es\/wp-json\/wp\/v2\/pages"}],"about":[{"href":"https:\/\/www.rincon-vacation.com\/es\/wp-json\/wp\/v2\/types\/page"}],"author":[{"embeddable":true,"href":"https:\/\/www.rincon-vacation.com\/es\/wp-json\/wp\/v2\/users\/2"}],"replies":[{"embeddable":true,"href":"https:\/\/www.rincon-vacation.com\/es\/wp-json\/wp\/v2\/comments?post=522"}],"version-history":[{"count":0,"href":"https:\/\/www.rincon-vacation.com\/es\/wp-json\/wp\/v2\/pages\/522\/revisions"}],"up":[{"embeddable":true,"href":"https:\/\/www.rincon-vacation.com\/es\/wp-json\/wp\/v2\/pages\/323"}],"wp:attachment":[{"href":"https:\/\/www.rincon-vacation.com\/es\/wp-json\/wp\/v2\/media?parent=522"}],"curies":[{"name":"wp","href":"https:\/\/api.w.org\/{rel}","templated":true}]}}