{"id":504,"date":"2009-07-22T14:34:36","date_gmt":"2009-07-22T18:34:36","guid":{"rendered":"http:\/\/www.rincon-vacation.com\/?page_id=504"},"modified":"2012-01-19T20:20:53","modified_gmt":"2012-01-20T00:20:53","slug":"phone-me","status":"publish","type":"page","link":"https:\/\/www.rincon-vacation.com\/es\/contact-me\/phone-me\/","title":{"rendered":"Ll\u00e1meme por Tel\u00e9fono"},"content":{"rendered":"<p><\/p>\n<div style=\"text-align: center; margin: 1em 0;\"><object type=\"application\/x-shockwave-flash\" data=\"https:\/\/clients4.google.com\/voice\/embed\/webCallButton\" width=\"230\" height=\"85\"><param name=\"movie\" value=\"https:\/\/clients4.google.com\/voice\/embed\/webCallButton\" \/><param name=\"wmode\" value=\"transparent\" \/><param name=\"FlashVars\" value=\"id=61a561fc57f17e6636a12970833b4702b471d8e2&#038;style=0\" \/><\/object><\/div>\n<p>Puede ponerse en contacto conmigo <strong>GRATIS<\/strong> al pulsar el bot\u00f3n que dice \u00abCall Me\u00bb (funciona s\u00f3lo en los EE.UU. y sus dependencias).<\/p>\n<ul>\n<li>Cuando se le pida, ingrese su nombre y n\u00famero telef\u00f3nico, y pulse \u00abConnect\u00bb.<\/li>\n<li>Google Voice le llamar\u00e1 al tel\u00e9fono que ha ingresado, y establecer\u00e1 la llamada sin costo alguno.<\/li>\n<\/ul>\n<p>O ll\u00e1meme al +1 646 484-8515.<\/p>\n<!-- AddThis Advanced Settings generic via filter on the_content --><!-- AddThis Share Buttons generic via filter on the_content -->","protected":false},"excerpt":{"rendered":"<\/p>\n<p>Puede ponerse en contacto conmigo GRATIS al pulsar el bot\u00f3n que dice \u00abCall Me\u00bb (funciona s\u00f3lo en los EE.UU. y sus dependencias).<\/p>\n<p> Cuando se le pida, ingrese su nombre y n\u00famero telef\u00f3nico, y pulse \u00abConnect\u00bb. Google Voice le llamar\u00e1 al tel\u00e9fono que ha ingresado, y establecer\u00e1 la llamada sin costo alguno. <\/p>\n<p>O ll\u00e1meme al [&#8230;]<!-- AddThis Advanced Settings generic via filter on get_the_excerpt --><!-- AddThis Share Buttons generic via filter on get_the_excerpt --><\/p>\n","protected":false},"author":2,"featured_media":0,"parent":6,"menu_order":0,"comment_status":"closed","ping_status":"closed","template":"","meta":{"footnotes":""},"class_list":["post-504","page","type-page","status-publish","hentry","odd"],"aioseo_notices":[],"_links":{"self":[{"href":"https:\/\/www.rincon-vacation.com\/es\/wp-json\/wp\/v2\/pages\/504","targetHints":{"allow":["GET"]}}],"collection":[{"href":"https:\/\/www.rincon-vacation.com\/es\/wp-json\/wp\/v2\/pages"}],"about":[{"href":"https:\/\/www.rincon-vacation.com\/es\/wp-json\/wp\/v2\/types\/page"}],"author":[{"embeddable":true,"href":"https:\/\/www.rincon-vacation.com\/es\/wp-json\/wp\/v2\/users\/2"}],"replies":[{"embeddable":true,"href":"https:\/\/www.rincon-vacation.com\/es\/wp-json\/wp\/v2\/comments?post=504"}],"version-history":[{"count":0,"href":"https:\/\/www.rincon-vacation.com\/es\/wp-json\/wp\/v2\/pages\/504\/revisions"}],"up":[{"embeddable":true,"href":"https:\/\/www.rincon-vacation.com\/es\/wp-json\/wp\/v2\/pages\/6"}],"wp:attachment":[{"href":"https:\/\/www.rincon-vacation.com\/es\/wp-json\/wp\/v2\/media?parent=504"}],"curies":[{"name":"wp","href":"https:\/\/api.w.org\/{rel}","templated":true}]}}