{"id":35,"date":"2008-07-07T23:38:05","date_gmt":"2008-07-08T03:38:05","guid":{"rendered":"http:\/\/www.rincon-vacation.com\/?page_id=35"},"modified":"2013-11-28T00:26:05","modified_gmt":"2013-11-28T04:26:05","slug":"beaches","status":"publish","type":"page","link":"https:\/\/www.rincon-vacation.com\/es\/about-rincon\/beaches\/","title":{"rendered":"Las Playas"},"content":{"rendered":"<p class=\"qtranxs-available-languages-message qtranxs-available-languages-message-es\">Disculpe, pero esta p\u00e1gina todav\u00eda no existe en espa\u00f1ol. L\u00e9ala en <a href=\"https:\/\/www.rincon-vacation.com\/en\/wp-json\/wp\/v2\/pages\/35\" class=\"qtranxs-available-language-link qtranxs-available-language-link-en\" title=\"English\">English<\/a>.<\/p>","protected":false},"excerpt":{"rendered":"<p class=\"qtranxs-available-languages-message qtranxs-available-languages-message-es\">Disculpe, pero esta p\u00e1gina todav\u00eda no existe en espa\u00f1ol. L\u00e9ala en [&#8230;]<!-- AddThis Advanced Settings generic via filter on get_the_excerpt --><!-- AddThis Share Buttons generic via filter on get_the_excerpt --><\/p>\n","protected":false},"author":2,"featured_media":0,"parent":8,"menu_order":1,"comment_status":"closed","ping_status":"closed","template":"","meta":{"footnotes":""},"class_list":["post-35","page","type-page","status-publish","hentry","odd"],"aioseo_notices":[],"_links":{"self":[{"href":"https:\/\/www.rincon-vacation.com\/es\/wp-json\/wp\/v2\/pages\/35","targetHints":{"allow":["GET"]}}],"collection":[{"href":"https:\/\/www.rincon-vacation.com\/es\/wp-json\/wp\/v2\/pages"}],"about":[{"href":"https:\/\/www.rincon-vacation.com\/es\/wp-json\/wp\/v2\/types\/page"}],"author":[{"embeddable":true,"href":"https:\/\/www.rincon-vacation.com\/es\/wp-json\/wp\/v2\/users\/2"}],"replies":[{"embeddable":true,"href":"https:\/\/www.rincon-vacation.com\/es\/wp-json\/wp\/v2\/comments?post=35"}],"version-history":[{"count":0,"href":"https:\/\/www.rincon-vacation.com\/es\/wp-json\/wp\/v2\/pages\/35\/revisions"}],"up":[{"embeddable":true,"href":"https:\/\/www.rincon-vacation.com\/es\/wp-json\/wp\/v2\/pages\/8"}],"wp:attachment":[{"href":"https:\/\/www.rincon-vacation.com\/es\/wp-json\/wp\/v2\/media?parent=35"}],"curies":[{"name":"wp","href":"https:\/\/api.w.org\/{rel}","templated":true}]}}