{"id":336,"date":"2009-04-11T14:30:24","date_gmt":"2009-04-11T18:30:24","guid":{"rendered":"http:\/\/www.rincon-vacation.com\/?page_id=336"},"modified":"2023-12-30T11:24:58","modified_gmt":"2023-12-30T15:24:58","slug":"contacts","status":"publish","type":"page","link":"https:\/\/www.rincon-vacation.com\/es\/guest-orientation-guide\/contacts\/","title":{"rendered":"Informaci\u00f3n de Contacto"},"content":{"rendered":"<p><a href=\"\/es\/guest-orientation-guide\/\">\u00ab volver<\/a><\/p>\n<p><strong>Encargada del Apartamento<\/strong><br \/>\nIris<br \/>\nCel: +1 787 430-9449<br \/>\nEmail: rinconjad[at]gmail[dot]com<br \/>\nComun\u00edquese con Laly si tiene alguna consulta o duda relacionada con el apartamento, incluidas las emergencias de plomer\u00eda y electricidad, cierres de apartamentos, etc. Tambi\u00e9n es un gran recurso de informaci\u00f3n acerca de Rinc\u00f3n y sus alrededores.<\/p>\n<p><strong>Propietario<\/strong><br \/>\nEduardo G\u00f3mez<br \/>\nTel: +1 646 484-8515<br \/>\nEmail: <\/p>\n<p><strong>Emergencias<\/strong> (polic\u00eda, bomberos, hospital): Llame al 911.<\/p>\n<p><strong>Direcci\u00f3n del Apartamento<\/strong><br \/>\nCondominio Bah\u00eda del Mar<br \/>\n45 Calle Benjam\u00edn G\u00f3mez [ <a href=\"http:\/\/www.homeaway.com\/vacation-rental\/p224093#map\">mapa<\/a> | <a href=\"http:\/\/www.rincon-vacation.com\/guest-orientation-guide\/getting-to-mi-refugio\/\">c\u00f3mo llegar<\/a> ]<br \/>\nCarr. 413, km. 0,2<br \/>\nBarrio Pueblo<br \/>\nRinc\u00f3n, PR 00677<\/p>\n<!-- AddThis Advanced Settings generic via filter on the_content --><!-- AddThis Share Buttons generic via filter on the_content -->","protected":false},"excerpt":{"rendered":"<p>\u00ab volver<\/p>\n<p>Encargada del Apartamento Iris Cel: +1 787 430-9449 Email: rinconjad[at]gmail[dot]com Comun\u00edquese con Laly si tiene alguna consulta o duda relacionada con el apartamento, incluidas las emergencias de plomer\u00eda y electricidad, cierres de apartamentos, etc. Tambi\u00e9n es un gran recurso de informaci\u00f3n acerca de Rinc\u00f3n y sus alrededores.<\/p>\n<p>Propietario Eduardo G\u00f3mez Tel: +1 646 [&#8230;]<!-- AddThis Advanced Settings generic via filter on get_the_excerpt --><!-- AddThis Share Buttons generic via filter on get_the_excerpt --><\/p>\n","protected":false},"author":2,"featured_media":0,"parent":323,"menu_order":2,"comment_status":"closed","ping_status":"closed","template":"","meta":{"footnotes":""},"class_list":["post-336","page","type-page","status-publish","hentry","odd"],"aioseo_notices":[],"_links":{"self":[{"href":"https:\/\/www.rincon-vacation.com\/es\/wp-json\/wp\/v2\/pages\/336","targetHints":{"allow":["GET"]}}],"collection":[{"href":"https:\/\/www.rincon-vacation.com\/es\/wp-json\/wp\/v2\/pages"}],"about":[{"href":"https:\/\/www.rincon-vacation.com\/es\/wp-json\/wp\/v2\/types\/page"}],"author":[{"embeddable":true,"href":"https:\/\/www.rincon-vacation.com\/es\/wp-json\/wp\/v2\/users\/2"}],"replies":[{"embeddable":true,"href":"https:\/\/www.rincon-vacation.com\/es\/wp-json\/wp\/v2\/comments?post=336"}],"version-history":[{"count":0,"href":"https:\/\/www.rincon-vacation.com\/es\/wp-json\/wp\/v2\/pages\/336\/revisions"}],"up":[{"embeddable":true,"href":"https:\/\/www.rincon-vacation.com\/es\/wp-json\/wp\/v2\/pages\/323"}],"wp:attachment":[{"href":"https:\/\/www.rincon-vacation.com\/es\/wp-json\/wp\/v2\/media?parent=336"}],"curies":[{"name":"wp","href":"https:\/\/api.w.org\/{rel}","templated":true}]}}