{"id":323,"date":"2009-04-11T13:45:54","date_gmt":"2009-04-11T17:45:54","guid":{"rendered":"http:\/\/www.rincon-vacation.com\/?page_id=323"},"modified":"2016-09-02T12:29:48","modified_gmt":"2016-09-02T16:29:48","slug":"guest-orientation-guide","status":"publish","type":"page","link":"https:\/\/www.rincon-vacation.com\/es\/guest-orientation-guide\/","title":{"rendered":"Gu\u00eda de Orientaci\u00f3n"},"content":{"rendered":"<p>Espero que disfrute su estad\u00eda en <a href=\"\/es\/\">Mi Refugio<\/a> y <a href=\"\/es\/about-rincon\/\">Rinc\u00f3n<\/a>. He preparado la siguiente gu\u00eda para ayudarle a desplazarse en el apartamento y la comunidad.<\/p>\n<p><strong>Contenido:<\/strong><\/p>\n<ul>\n<li><a href=\"http:\/\/www.rincon-vacation.com\/guest-orientation-guide\/getting-to-mi-refugio\/\">C\u00f3mo Llegar a Mi Refugio<\/a><\/li>\n<li><a href=\"\/es\/guest-orientation-guide\/the-apartment\/\">El Apartamento<\/a><\/li>\n<li><a href=\"\/es\/guest-orientation-guide\/contacts\/\">Informaci\u00f3n de Contacto<\/a><\/li>\n<li><a href=\"\/es\/guest-orientation-guide\/activities-land\/\">Actividades Terrestres<\/a><\/li>\n<li><a href=\"\/es\/guest-orientation-guide\/activities-water\/\">Actividades Acu\u00e1ticas<\/a><\/li>\n<li><a href=\"\/es\/guest-orientation-guide\/day-trips\/\">Excursiones<\/a><\/li>\n<li><a href=\"\/es\/guest-orientation-guide\/attractions\/\">Atracciones<\/a><\/li>\n<li><a href=\"\/es\/guest-orientation-guide\/beaches\/\">Playas<\/a><\/li>\n<li>Provisiones [disponible pronto]<\/li>\n<li>Salud [disponible pronto]<\/li>\n<li><a href=\"\/es\/guest-orientation-guide\/maps\/\">Mapas<\/a><\/li>\n<li><a href=\"\/es\/guest-orientation-guide\/restaurants-bars\/\">Restaurantes y Bares<\/a><\/li>\n<\/ul>\n<p>Por favor,  si tiene sugerencias para mejorar esta gu\u00eda, para el beneficio de futuros hu\u00e9spedes.<\/p>\n<!-- AddThis Advanced Settings generic via filter on the_content --><!-- AddThis Share Buttons generic via filter on the_content -->","protected":false},"excerpt":{"rendered":"<p>Espero que disfrute su estad\u00eda en Mi Refugio y Rinc\u00f3n. He preparado la siguiente gu\u00eda para ayudarle a desplazarse en el apartamento y la comunidad.<\/p>\n<p>Contenido:<\/p>\n<p> C\u00f3mo Llegar a Mi Refugio El Apartamento Informaci\u00f3n de Contacto Actividades Terrestres Actividades Acu\u00e1ticas Excursiones Atracciones Playas Provisiones [disponible pronto] Salud [disponible pronto] Mapas Restaurantes y Bares <\/p>\n<p>Por favor, [&#8230;]<!-- AddThis Advanced Settings generic via filter on get_the_excerpt --><!-- AddThis Share Buttons generic via filter on get_the_excerpt --><\/p>\n","protected":false},"author":2,"featured_media":0,"parent":0,"menu_order":9,"comment_status":"closed","ping_status":"closed","template":"","meta":{"footnotes":""},"class_list":["post-323","page","type-page","status-publish","hentry","odd"],"aioseo_notices":[],"_links":{"self":[{"href":"https:\/\/www.rincon-vacation.com\/es\/wp-json\/wp\/v2\/pages\/323","targetHints":{"allow":["GET"]}}],"collection":[{"href":"https:\/\/www.rincon-vacation.com\/es\/wp-json\/wp\/v2\/pages"}],"about":[{"href":"https:\/\/www.rincon-vacation.com\/es\/wp-json\/wp\/v2\/types\/page"}],"author":[{"embeddable":true,"href":"https:\/\/www.rincon-vacation.com\/es\/wp-json\/wp\/v2\/users\/2"}],"replies":[{"embeddable":true,"href":"https:\/\/www.rincon-vacation.com\/es\/wp-json\/wp\/v2\/comments?post=323"}],"version-history":[{"count":0,"href":"https:\/\/www.rincon-vacation.com\/es\/wp-json\/wp\/v2\/pages\/323\/revisions"}],"wp:attachment":[{"href":"https:\/\/www.rincon-vacation.com\/es\/wp-json\/wp\/v2\/media?parent=323"}],"curies":[{"name":"wp","href":"https:\/\/api.w.org\/{rel}","templated":true}]}}