{"id":30,"date":"2008-07-06T16:32:12","date_gmt":"2008-07-06T20:32:12","guid":{"rendered":"http:\/\/www.rincon-vacation.com\/?page_id=30"},"modified":"2021-12-10T10:50:55","modified_gmt":"2021-12-10T14:50:55","slug":"getting-here","status":"publish","type":"page","link":"https:\/\/www.rincon-vacation.com\/es\/the-condo\/getting-here\/","title":{"rendered":"C\u00f3mo Llegar"},"content":{"rendered":"<p><img loading=\"lazy\" decoding=\"async\" class=\"alignright wp-image-56\" style=\"padding: 0; border: none;\" title=\"Carr. 413 - Camino a la Felicidad\" src=\"http:\/\/www.rincon-vacation.com\/wp-content\/uploads\/2008\/07\/rincon_route413.jpg\" alt=\"Carr. 413 - Camino a la Felicidad\" width=\"163\" height=\"168\" border=\"0\" \/>Para llegar a Rinc\u00f3n, y a <a href=\"http:\/\/www.rincon-vacation.com\/es\/the-condo\/features-amenities\/\">Mi Refugio<\/a>, puede aterrizar en el Aeropuerto Rafael Hern\u00e1ndez de Aguadilla (BQN), que queda a s\u00f3lo 30\u201345 minutos de Rinc\u00f3n por carro, o en el Aeropuerto Internacional Luis Mu\u00f1oz Mar\u00edn de San Juan (SJU), que queda aproximadamente a 2 horas y media. Recomiendo que llegue a Aguadilla, porque es m\u00e1s conveniente. Continental Airlines, JetBlue y Spirit Airlines ofrecen vuelos a Aguadilla. (<a href=\"http:\/\/www.jetblue.com\/\">JetBlue<\/a> ofrece vuelos directos desde Nueva York &#8212; en menos de 4 horas se encontrar\u00e1 en un para\u00edso terrenal.)<\/p>\n<p>Para llegar a Rinc\u00f3n y desplazarse con facilidad una vez que llegue, recomiendo que alquile un carro en el aeropuerto &#8212; es mejor hacer las reservas de carros de antemano, especialmente durante la temporada alta (el invierno).<\/p>\n<p style=\"text-align: center;\"><strong>C\u00f3mo llegar:<\/strong> <a href=\"#bqn\">Del Aeropuerto de Aguadilla<\/a> | <a href=\"#sju\">Del Aeropuerto de San Juan<\/a><\/p>\n<p style=\"text-align: center;\"><strong>Descargar Mapas<\/strong>: <a href=\"http:\/\/www.rincon-vacation.com\/wp-content\/uploads\/2009\/04\/mapa_isla.pdf\">Puerto Rico<\/a> | <a href=\"http:\/\/www.rincon-vacation.com\/wp-content\/uploads\/2009\/04\/mapa_porta_del_sol.pdf\">Porta del Sol<\/a> | <a href=\"http:\/\/www.rincon-vacation.com\/wp-content\/uploads\/2008\/07\/RinconPR_TouristMap_2005.jpg\" target=\"_blank\" rel=\"noopener\">Mapa Tur\u00edstico de Rinc\u00f3n<\/a><\/p>\n<p style=\"text-align: center; padding: 1.5em 0 1em;\"><img loading=\"lazy\" decoding=\"async\" style=\"padding: 0; background: #fff; border: none;\" title=\"C\u00f3mo llegar a Rinc\u00f3n - Mapa de Puerto Rico\" src=\"http:\/\/www.rincon-vacation.com\/wp-content\/uploads\/2008\/07\/rincon_gettinghere_600x2141.gif\" alt=\"C\u00f3mo llegar a Rinc\u00f3n - Mapa de Puerto Rico\" width=\"600\" height=\"214\" \/><\/p>\n<p style=\"text-align: center; padding: 0 0 1em;\"><img loading=\"lazy\" decoding=\"async\" style=\"padding: 0; border: none;\" title=\"C\u00f3mo llegar a Rinc\u00f3n - Mapa local\" src=\"http:\/\/www.rincon-vacation.com\/wp-content\/uploads\/2008\/07\/rincon_gettingaround_400x309.gif\" alt=\"C\u00f3mo llegar a Rinc\u00f3n - Mapa local\" width=\"400\" height=\"309\" \/><\/p>\n<h3 id=\"bqn\">C\u00f3mo Llegar desde el Aeropuerto de Aguadilla<\/h3>\n<p>Rinc\u00f3n queda a 30\u201345 minutos del Aeropuerto Rafael Hern\u00e1ndez en Aguadilla (BQN), dependiendo del tr\u00e1fico. (Vea tambi\u00e9n el <a href=\"http:\/\/goo.gl\/maps\/VyEm\">mapa de Google con instrucciones<\/a>.)<\/p>\n<ul>\n<li>Al salir del estacionamiento del aeropuerto, vire a la izquierda.<\/li>\n<li>En la se\u00f1al de PARE, vire a la izquierda de nuevo; estar\u00e1 en la Carr. 107 Sur.<\/li>\n<li>En el cuarto sem\u00e1foro vire a la derecha y entre en la Carr. 2 Sur.<\/li>\n<li>Mant\u00e9ngase en la Carr. 2 Sur hasta que llegue a la intersecci\u00f3n con la Carr. 417 Oeste (hay una pasarela peatonal en esa intersecci\u00f3n).<\/li>\n<li>Vire a la derecha a la Carr. 417 Oeste y maneje por 2,6 km hasta que llegue a un sem\u00e1foro con un cementerio a la derecha.<\/li>\n<li>En el cementerio hay una encrucijada de varias carreteras. Tome la Avenida Nativo Alers a la izquierda (el cartel\u00f3n que indica la avenida se encuentra en el centro de la encrucijada).<\/li>\n<li>Ahora se encontrar\u00e1 en la v\u00eda de circunvalaci\u00f3n alrededor de Aguada. Contin\u00fae por 2,4 km hasta que llegue al final de la v\u00eda, a la intersecci\u00f3n con la Carr. 115 Sur.<\/li>\n<li>Vire a la izquierda y tome la Carr. 115 Sur; Rinc\u00f3n est\u00e1 aproximadamente a 9 km de distancia.<\/li>\n<li>Hay dos intersecciones con la Carr. 413, que es un bucle. NO tome la Carr. 413 en la primera intersecci\u00f3n &#8212; contin\u00fae hasta llegar a la Carr. 413 de nuevo.<\/li>\n<li>Vire a la derecha y maneje unos 600 metros hasta que vea un par de edificios altos a su izquierda.<\/li>\n<li>Vire a la izquierda, luego otra izquierda.<\/li>\n<li>El apartamento se encuentra en el segundo edificio.<\/li>\n<\/ul>\n<h3 id=\"sju\">C\u00f3mo Llegar desde el Aeropuerto Internacional de San Juan<\/h3>\n<p>Rinc\u00f3n queda aproximadamente a 2\u00bd\u20133 horas del Aeropuerto Internacional Luis Mu\u00f1oz Mar\u00edn en San Juan (SJU), dependiendo del tr\u00e1fico. (Vea tambi\u00e9n el <a href=\"http:\/\/goo.gl\/maps\/qcSj\">mapa de Google con instrucciones<\/a>.)<\/p>\n<ul>\n<li>Al salir del aeropuerto, p\u00f3ngase en el carril derecho y tome la Carr. 26 Oeste rumbo a San Juan e Isla Verde.<\/li>\n<li>M\u00fadese al carril izquierdo y siga la Carr. 26 rumbo a San Juan.<\/li>\n<li>Tome la salida a la Carr. 22 (el primer cartel\u00f3n dice \u00abHato Rey, Bayam\u00f3n y Caguas\u00bb; el segundo dice \u00abCarr. 18, Carr. 22, Bayam\u00f3n, Caguas y R\u00edo Piedras\u00bb).<\/li>\n<li>Pase por el T\u00fanel Minillas.<\/li>\n<li>Despu\u00e9s del t\u00fanel, tome la salida rumbo a Bayam\u00f3n desde uno de los carriles a la derecha (el primer cartel\u00f3n dice \u00abCarr. 22 Oeste, Bayam\u00f3n y Guaynabo\u00bb; el segundo dice \u00abCarr. 22 Oeste, Bayam\u00f3n, Guaynabo y Arecibo\u00bb).<\/li>\n<li>Contin\u00fae en la Carr. 22 Oeste (pasando de largo a Bayam\u00f3n) hasta que llegue al final de la autopista en El Hatillo\/Arecibo.<\/li>\n<li>Tome uno de los carriles izquierdos y entre en la Carr. 2 Oeste. Permanezca en esta carretera hasta llegar a Aguadilla.<\/li>\n<li>En Aguadilla, usted pasar\u00e1 un estadio de b\u00e9isbol a su izquierda.<\/li>\n<li>Contin\u00fae en la Carr. 2 (ahora con direcci\u00f3n Sur) hasta que llegue a la intersecci\u00f3n con la Carr. 417 Oeste (hay una pasarela peatonal en esa intersecci\u00f3n).<\/li>\n<li>Vire a la derecha en la Carr. 417 Oeste y maneje por 2,6 km hasta que llegue a un sem\u00e1foro con un cementerio a la derecha.<\/li>\n<li>En el cementerio hay una encrucijada de varias carreteras. Tome la Avenida Nativo Alers a la izquierda (el cartel\u00f3n que indica la avenida se encuentra en el centro de la encrucijada).<\/li>\n<li>Ahora se encontrar\u00e1 en la v\u00eda de circunvalaci\u00f3n alrededor de Aguada. Contin\u00fae por 2,4 km hasta que llegue al final de la v\u00eda, a la intersecci\u00f3n con la Carr. 115 Sur.<\/li>\n<li>Vire a la izquierda y tome la Carr. 115 Sur; Rinc\u00f3n est\u00e1 aproximadamente a 9 km de distancia.<\/li>\n<li>Hay dos intersecciones con la Carr. 413, que es un bucle. NO tome la Carr. 413 en la primera intersecci\u00f3n &#8212; contin\u00fae hasta llegar a la Carr. 413 de nuevo.<\/li>\n<li>Vire a la derecha en la Carr. 413 y maneje unos 600 metros hasta que vea un par de edificios altos a su izquierda.<\/li>\n<li>Vire a la izquierda, luego otra izquierda.<\/li>\n<li>El apartamento se encuentra en el segundo edificio.<\/li>\n<\/ul>\n<p><\/p>\n<!-- AddThis Advanced Settings generic via filter on the_content --><!-- AddThis Share Buttons generic via filter on the_content -->","protected":false},"excerpt":{"rendered":"<p>Para llegar a Rinc\u00f3n, y a Mi Refugio, puede aterrizar en el Aeropuerto Rafael Hern\u00e1ndez de Aguadilla (BQN), que queda a s\u00f3lo 30\u201345 minutos de Rinc\u00f3n por carro, o en el Aeropuerto Internacional Luis Mu\u00f1oz Mar\u00edn de San Juan (SJU), que queda aproximadamente a 2 horas y media. Recomiendo que llegue a Aguadilla, porque es [&#8230;]<!-- AddThis Advanced Settings generic via filter on get_the_excerpt --><!-- AddThis Share Buttons generic via filter on get_the_excerpt --><\/p>\n","protected":false},"author":2,"featured_media":0,"parent":3,"menu_order":4,"comment_status":"closed","ping_status":"closed","template":"","meta":{"footnotes":""},"class_list":["post-30","page","type-page","status-publish","hentry","odd"],"aioseo_notices":[],"_links":{"self":[{"href":"https:\/\/www.rincon-vacation.com\/es\/wp-json\/wp\/v2\/pages\/30","targetHints":{"allow":["GET"]}}],"collection":[{"href":"https:\/\/www.rincon-vacation.com\/es\/wp-json\/wp\/v2\/pages"}],"about":[{"href":"https:\/\/www.rincon-vacation.com\/es\/wp-json\/wp\/v2\/types\/page"}],"author":[{"embeddable":true,"href":"https:\/\/www.rincon-vacation.com\/es\/wp-json\/wp\/v2\/users\/2"}],"replies":[{"embeddable":true,"href":"https:\/\/www.rincon-vacation.com\/es\/wp-json\/wp\/v2\/comments?post=30"}],"version-history":[{"count":0,"href":"https:\/\/www.rincon-vacation.com\/es\/wp-json\/wp\/v2\/pages\/30\/revisions"}],"up":[{"embeddable":true,"href":"https:\/\/www.rincon-vacation.com\/es\/wp-json\/wp\/v2\/pages\/3"}],"wp:attachment":[{"href":"https:\/\/www.rincon-vacation.com\/es\/wp-json\/wp\/v2\/media?parent=30"}],"curies":[{"name":"wp","href":"https:\/\/api.w.org\/{rel}","templated":true}]}}