{"id":3,"date":"2008-07-04T20:53:09","date_gmt":"2008-07-05T00:53:09","guid":{"rendered":"http:\/\/www.rincon-vacation.com\/?page_id=3"},"modified":"2017-08-15T17:05:10","modified_gmt":"2017-08-15T21:05:10","slug":"the-condo","status":"publish","type":"page","link":"https:\/\/www.rincon-vacation.com\/es\/","title":{"rendered":"El Apartamento"},"content":{"rendered":"<p><strong>Mi Refugio<\/strong> es un bello apartamento en <a href=\"http:\/\/www.rincon-vacation.com\/es\/about-rincon\/\">Rinc\u00f3n, Puerto Rico<\/a>. Situado a una cuadra del <a href=\"http:\/\/www.rincon-vacation.com\/es\/about-rincon\/beaches\/#balneario\">Balneario de Rinc\u00f3n<\/a> y cerca de otra docena de playas, el apartamento est\u00e1 disponible para vacacionar a <a href=\"http:\/\/www.rincon-vacation.com\/es\/the-condo\/rental-rates\/\">precios asequibles<\/a>.<\/p>\n<div class=\"homelist\"><strong>Sobre el Apartamento<\/strong><\/p>\n<ul>\n<li><a href=\"http:\/\/www.rincon-vacation.com\/es\/the-condo\/features-amenities\/\">Detalles<\/a><\/li>\n<li><a href=\"http:\/\/www.rincon-vacation.com\/es\/the-condo\/rental-rates\/\">Tasas de alquiler<\/a><\/li>\n<li><a href=\"http:\/\/www.rincon-vacation.com\/es\/the-condo\/reservations\/\">Hacer reservaci\u00f3n<\/a><\/li>\n<li><a href=\"http:\/\/www.rincon-vacation.com\/es\/the-condo\/reservations\/calendar\/\">Calendario de Reservaciones<\/a><\/li>\n<li><a href=\"http:\/\/www.rincon-vacation.com\/es\/the-condo\/getting-here\/\">C\u00f3mo llegar<\/a><\/li>\n<\/ul>\n<\/div>\n<div class=\"homelist\"><strong>Sobre Rinc\u00f3n<\/strong><\/p>\n<ul>\n<li><a href=\"http:\/\/www.rincon-vacation.com\/es\/about-rincon\/\">El pueblo de los bellos atardeceres<\/a><\/li>\n<li><a href=\"http:\/\/www.rincon-vacation.com\/es\/about-rincon\/beaches\/\">Las playas<\/a><\/li>\n<li><a href=\"http:\/\/www.rincon-vacation.com\/es\/about-rincon\/eat-drink\/\">D\u00f3nde comer y beber<\/a><\/li>\n<li><a href=\"http:\/\/www.rincon-vacation.com\/es\/about-rincon\/videos\/\">V\u00eddeos<\/a><\/li>\n<\/ul>\n<\/div>\n<p style=\"clear: left; padding-top: 0.5em; \">Disfrute de unas agradables vacaciones en un c\u00f3modo apartamento con una preciosa vista del mar, y <a href=\"\/es\/the-condo\/features-amenities\/\">comodidades modernas<\/a>.<\/p>\n<div id=\"slideshow\" style=\"text-align: center; margin: 1em 0;\"><iframe loading=\"lazy\" width=\"560\" height=\"420\" src=\"http:\/\/www.youtube.com\/embed\/Q91YWTR9CXs?rel=0\" frameborder=\"0\" allowfullscreen><\/iframe><\/div>\n<p><\/p>\n<!-- AddThis Advanced Settings generic via filter on the_content --><!-- AddThis Share Buttons generic via filter on the_content -->","protected":false},"excerpt":{"rendered":"<p>Mi Refugio es un bello apartamento en Rinc\u00f3n, Puerto Rico. Situado a una cuadra del Balneario de Rinc\u00f3n y cerca de otra docena de playas, el apartamento est\u00e1 disponible para vacacionar a precios asequibles.<\/p>\n<p> Sobre el Apartamento<\/p>\n<p> Detalles Tasas de alquiler Hacer reservaci\u00f3n Calendario de Reservaciones C\u00f3mo llegar Sobre Rinc\u00f3n<\/p>\n<p> El pueblo de los bellos [&#8230;]<!-- AddThis Advanced Settings generic via filter on get_the_excerpt --><!-- AddThis Share Buttons generic via filter on get_the_excerpt --><\/p>\n","protected":false},"author":2,"featured_media":0,"parent":0,"menu_order":0,"comment_status":"closed","ping_status":"closed","template":"","meta":{"footnotes":""},"class_list":["post-3","page","type-page","status-publish","hentry","odd"],"aioseo_notices":[],"_links":{"self":[{"href":"https:\/\/www.rincon-vacation.com\/es\/wp-json\/wp\/v2\/pages\/3","targetHints":{"allow":["GET"]}}],"collection":[{"href":"https:\/\/www.rincon-vacation.com\/es\/wp-json\/wp\/v2\/pages"}],"about":[{"href":"https:\/\/www.rincon-vacation.com\/es\/wp-json\/wp\/v2\/types\/page"}],"author":[{"embeddable":true,"href":"https:\/\/www.rincon-vacation.com\/es\/wp-json\/wp\/v2\/users\/2"}],"replies":[{"embeddable":true,"href":"https:\/\/www.rincon-vacation.com\/es\/wp-json\/wp\/v2\/comments?post=3"}],"version-history":[{"count":0,"href":"https:\/\/www.rincon-vacation.com\/es\/wp-json\/wp\/v2\/pages\/3\/revisions"}],"wp:attachment":[{"href":"https:\/\/www.rincon-vacation.com\/es\/wp-json\/wp\/v2\/media?parent=3"}],"curies":[{"name":"wp","href":"https:\/\/api.w.org\/{rel}","templated":true}]}}