{"id":251,"date":"2009-04-10T13:54:26","date_gmt":"2009-04-10T17:54:26","guid":{"rendered":"http:\/\/www.rincon-vacation.com\/?page_id=251"},"modified":"2024-06-26T08:44:26","modified_gmt":"2024-06-26T12:44:26","slug":"calendar","status":"publish","type":"page","link":"https:\/\/www.rincon-vacation.com\/es\/the-condo\/reservations\/calendar\/","title":{"rendered":"Calendario de Reservaciones"},"content":{"rendered":"<p>Antes de reservar el apartamento, <a href=\"https:\/\/www.airbnb.com\/rooms\/7603215\">chequee el calendario en AirBnB<\/a> para ver cu\u00e1ndo est\u00e1 disponible. Si tiene preguntas, por favor ll\u00e1meme al +1 646 484-8515.<\/p>\n<!-- AddThis Advanced Settings generic via filter on the_content --><!-- AddThis Share Buttons generic via filter on the_content -->","protected":false},"excerpt":{"rendered":"<p>Antes de reservar el apartamento, chequee el calendario en AirBnB para ver cu\u00e1ndo est\u00e1 disponible. Si tiene preguntas, por favor ll\u00e1meme al +1 646 484-8515.<\/p>\n<p> [&#8230;]<!-- AddThis Advanced Settings generic via filter on get_the_excerpt --><!-- AddThis Share Buttons generic via filter on get_the_excerpt --><\/p>\n","protected":false},"author":2,"featured_media":0,"parent":7,"menu_order":0,"comment_status":"closed","ping_status":"closed","template":"","meta":{"footnotes":""},"class_list":["post-251","page","type-page","status-publish","hentry","odd"],"aioseo_notices":[],"_links":{"self":[{"href":"https:\/\/www.rincon-vacation.com\/es\/wp-json\/wp\/v2\/pages\/251","targetHints":{"allow":["GET"]}}],"collection":[{"href":"https:\/\/www.rincon-vacation.com\/es\/wp-json\/wp\/v2\/pages"}],"about":[{"href":"https:\/\/www.rincon-vacation.com\/es\/wp-json\/wp\/v2\/types\/page"}],"author":[{"embeddable":true,"href":"https:\/\/www.rincon-vacation.com\/es\/wp-json\/wp\/v2\/users\/2"}],"replies":[{"embeddable":true,"href":"https:\/\/www.rincon-vacation.com\/es\/wp-json\/wp\/v2\/comments?post=251"}],"version-history":[{"count":0,"href":"https:\/\/www.rincon-vacation.com\/es\/wp-json\/wp\/v2\/pages\/251\/revisions"}],"up":[{"embeddable":true,"href":"https:\/\/www.rincon-vacation.com\/es\/wp-json\/wp\/v2\/pages\/7"}],"wp:attachment":[{"href":"https:\/\/www.rincon-vacation.com\/es\/wp-json\/wp\/v2\/media?parent=251"}],"curies":[{"name":"wp","href":"https:\/\/api.w.org\/{rel}","templated":true}]}}